{"id":43513,"date":"2021-09-20T15:12:16","date_gmt":"2021-09-20T19:12:16","guid":{"rendered":"https:\/\/audiocertified.ca\/accueil\/"},"modified":"2025-04-01T05:27:40","modified_gmt":"2025-04-01T09:27:40","slug":"accueil","status":"publish","type":"page","link":"https:\/\/audiocertified.ca\/fr\/","title":{"rendered":"Accueil"},"content":{"rendered":"\t\t<div data-elementor-type=\"wp-page\" data-elementor-id=\"43513\" class=\"elementor elementor-43513 elementor-59\" data-elementor-post-type=\"page\">\n\t\t\t\t\t\t<section class=\"elementor-section elementor-top-section elementor-element elementor-element-c56ad5e elementor-section-full_width elementor-section-stretched elementor-section-height-default elementor-section-height-default\" data-id=\"c56ad5e\" data-element_type=\"section\" data-e-type=\"section\" data-settings=\"{&quot;background_background&quot;:&quot;classic&quot;,&quot;stretch_section&quot;:&quot;section-stretched&quot;}\">\n\t\t\t\t\t\t\t<div class=\"elementor-background-overlay\"><\/div>\n\t\t\t\t\t\t\t<div class=\"elementor-container elementor-column-gap-default\">\n\t\t\t\t\t<div class=\"elementor-column elementor-col-100 elementor-top-column elementor-element elementor-element-4245110\" data-id=\"4245110\" data-element_type=\"column\" data-e-type=\"column\">\n\t\t\t<div class=\"elementor-widget-wrap elementor-element-populated\">\n\t\t\t\t\t\t<div class=\"elementor-element elementor-element-b923c1c elementor-widget elementor-widget-spacer\" data-id=\"b923c1c\" data-element_type=\"widget\" data-e-type=\"widget\" data-widget_type=\"spacer.default\">\n\t\t\t\t<div class=\"elementor-widget-container\">\n\t\t\t\t\t\t\t<div class=\"elementor-spacer\">\n\t\t\t<div class=\"elementor-spacer-inner\"><\/div>\n\t\t<\/div>\n\t\t\t\t\t\t<\/div>\n\t\t\t\t<\/div>\n\t\t\t\t<section class=\"elementor-section elementor-inner-section elementor-element elementor-element-ce19cb5 elementor-section-boxed elementor-section-height-default elementor-section-height-default\" data-id=\"ce19cb5\" data-element_type=\"section\" data-e-type=\"section\">\n\t\t\t\t\t\t<div class=\"elementor-container elementor-column-gap-default\">\n\t\t\t\t\t<div class=\"elementor-column elementor-col-50 elementor-inner-column elementor-element elementor-element-d92eac9\" data-id=\"d92eac9\" data-element_type=\"column\" data-e-type=\"column\">\n\t\t\t<div class=\"elementor-widget-wrap elementor-element-populated\">\n\t\t\t\t\t\t<div class=\"elementor-element elementor-element-0a3ad5b elementor-widget elementor-widget-heading\" data-id=\"0a3ad5b\" data-element_type=\"widget\" data-e-type=\"widget\" data-widget_type=\"heading.default\">\n\t\t\t\t<div class=\"elementor-widget-container\">\n\t\t\t\t\t<h1 class=\"elementor-heading-title elementor-size-default\">La formation Certification audio offre aux professionnels de la publicit\u00e9, quel que soit leur niveau, les connaissances approfondies et la perspective n\u00e9cessaire afin de naviguer dans un univers audio canadien en constante expansion.<\/h1>\t\t\t\t<\/div>\n\t\t\t\t<\/div>\n\t\t\t\t<div class=\"elementor-element elementor-element-5d9070b elementor-widget elementor-widget-video\" data-id=\"5d9070b\" data-element_type=\"widget\" data-e-type=\"widget\" data-settings=\"{&quot;video_type&quot;:&quot;vimeo&quot;}\" data-widget_type=\"video.default\">\n\t\t\t\t<div class=\"elementor-widget-container\">\n\t\t\t\t\t\t\t<div class=\"elementor-wrapper elementor-open-inline\">\n\t\t\t<iframe class=\"elementor-video-iframe\" allowfullscreen allow=\"clipboard-write\" title=\"Lecteur vid\u00e9o vimeo\" src=\"https:\/\/player.vimeo.com\/video\/1069234100?color&amp;autopause=0&amp;loop=0&amp;muted=0&amp;title=0&amp;portrait=0&amp;byline=0#t=\"><\/iframe>\t\t<\/div>\n\t\t\t\t\t\t<\/div>\n\t\t\t\t<\/div>\n\t\t\t\t<div class=\"elementor-element elementor-element-2c481b6 elementor-widget elementor-widget-text-editor\" data-id=\"2c481b6\" data-element_type=\"widget\" data-e-type=\"widget\" data-widget_type=\"text-editor.default\">\n\t\t\t\t<div class=\"elementor-widget-container\">\n\t\t\t\t\t\t\t\t\t<h2><span style=\"color: #ffffff;\"><span lang=\"EN-US\">Ce cours interactif et autoguid\u00e9, compos\u00e9 de six modules, est con\u00e7u pour les professionnels de la publicit\u00e9 et fournit les principes fondamentaux ainsi que les notions essentielles de l\u2019univers audio. Vous y trouverez les meilleures pratiques pour la planification et l\u2019ex\u00e9cution de l\u2019audio ainsi que des r\u00e9f\u00e9rences compl\u00e9mentaires sur des sujets pr\u00e9cis afin d\u2019am\u00e9liorer les connaissances et les comp\u00e9tences des apprenants.<\/span> <\/span><\/h2>\n<p><span lang=\"EN-US\">\u00c0 l\u2019issue des six modules, les apprenants acquerront une connaissance compl\u00e8te de l\u2019univers audio, \u00e0 la fois avec et sans publicit\u00e9, avec un accent particulier envers la plus importante plateforme audio avec publicit\u00e9, soit la radio commerciale. <\/span><\/p>\n<p>Modules :<\/p>\n<p>Pour commencer<\/p>\n<ul>\n<li><span lang=\"EN-US\">L\u2019univers audio canadien<u><\/u><u><\/u><\/span><\/li>\n<li><span lang=\"EN-US\">Les principes fondamentaux de l&#8217;audio<\/span><\/li>\n<li><span lang=\"EN-US\">Le connexions audio<u><\/u><u><\/u><\/span><\/li>\n<li><span lang=\"EN-US\">Le mesure audio<u><\/u><u><\/u><\/span><\/li>\n<li><span lang=\"EN-US\">Planification audio<u><\/u><u><\/u><\/span><\/li>\n<li><span lang=\"EN-US\">Combiner les m\u00e9dias<\/span><\/li>\n<\/ul>\n<p><span lang=\"EN-US\">Apr\u00e8s avoir r\u00e9ussi l\u2019examen final, les apprenants obtiendront la Certification audio et recevront un certificat de r\u00e9ussite, ainsi qu\u2019un badge num\u00e9rique reconnaissant leur r\u00e9alisation et celui-ci pourra \u00eatre affich\u00e9 sur leurs plateformes professionnelles comme LinkedIn.<\/span><\/p>\n\t\t\t\t\t\t\t\t<\/div>\n\t\t\t\t<\/div>\n\t\t\t\t\t<\/div>\n\t\t<\/div>\n\t\t\t\t<div class=\"elementor-column elementor-col-50 elementor-inner-column elementor-element elementor-element-7cec146\" data-id=\"7cec146\" data-element_type=\"column\" data-e-type=\"column\">\n\t\t\t<div class=\"elementor-widget-wrap elementor-element-populated\">\n\t\t\t\t\t\t<div class=\"elementor-element elementor-element-51b4cb0 elementor-widget elementor-widget-spacer\" data-id=\"51b4cb0\" data-element_type=\"widget\" data-e-type=\"widget\" data-widget_type=\"spacer.default\">\n\t\t\t\t<div class=\"elementor-widget-container\">\n\t\t\t\t\t\t\t<div class=\"elementor-spacer\">\n\t\t\t<div class=\"elementor-spacer-inner\"><\/div>\n\t\t<\/div>\n\t\t\t\t\t\t<\/div>\n\t\t\t\t<\/div>\n\t\t\t\t<div class=\"elementor-element elementor-element-d709811 elementor-widget elementor-widget-shortcode\" data-id=\"d709811\" data-element_type=\"widget\" data-e-type=\"widget\" data-widget_type=\"shortcode.default\">\n\t\t\t\t<div class=\"elementor-widget-container\">\n\t\t\t\t\t\t\t<div class=\"elementor-shortcode\">\t<section class=\"uo_loginForm\">\n\t\t<script>\n\t\t\t\t\t\tlet UOToolkitFrontEndLoginFormData = JSON.parse('{\"turnstileRecaptcha\":false}');\n\t\t<\/script>\n\t\t\n\n<div id=\"ult-login\">\n\n\t<div class=\"ult-box\">\n\n\t\t<div class=\"ult-form__content\">\n\t\t\t\n\t\t\t\n\t\t\t\n\t\t\t\n\t\t\t\t<div class=\"ult-form__title\">\n\t\t\t\t\tConnexion\t\t\t\t<\/div>\n\n\t\t\t\n\t\t\t\n\t\t\t\n\t\t\t\t<div class=\"ult-form__description\">\n\t\t\t\t\tConnectez-vous ci-dessous pour acc\u00e9der \u00e0 vos cours.\t\t\t\t<\/div>\n\n\t\t\t\n\t\t\t\n\t\t\t<div class=\"ult-form__container\">\n\n\t\t\t\t<form name=\"ult-login-form\" id=\"ult-login-form\" action=\"https:\/\/audiocertified.ca\/fr\/wp-login.php\" method=\"post\"><input id=\"learndash-login-form\" type=\"hidden\" name=\"learndash-login-form\" value=\"fe6deeccb3\" \/><p class=\"login-username\">\n\t\t\t\t<label for=\"ult-login-email\">Email Address<\/label>\n\t\t\t\t<input type=\"text\" name=\"log\" id=\"ult-login-email\" autocomplete=\"username\" class=\"input\" value=\"\" size=\"20\" \/>\n\t\t\t<\/p><p class=\"login-password\">\n\t\t\t\t<label for=\"ult-login-password\">Mot de passe<\/label>\n\t\t\t\t<input type=\"password\" name=\"pwd\" id=\"ult-login-password\" autocomplete=\"current-password\" spellcheck=\"false\" class=\"input\" value=\"\" size=\"20\" \/>\n\t\t\t<\/p>\n\t<div class=\"ult-form__validation \">\n\t\t<div class=\"ult-notice ult-notice--error\">\n\t\t\t\n\t\t\t<span class=\"ult-notice-text\"><\/span>\n\n\t\t\t\t\t<\/div>\n\t<\/div>\n\n\t<p class=\"login-remember\"><label><input name=\"rememberme\" type=\"checkbox\" id=\"ult-login-remember\" value=\"forever\" checked=\"checked\" \/> Se souvenir de moi<\/label><\/p><p class=\"login-submit\">\n\t\t\t\t<input type=\"submit\" name=\"wp-submit\" id=\"ult-login-submit\" class=\"button button-primary\" value=\"Connexion\" \/>\n\t\t\t\t<input type=\"hidden\" name=\"redirect_to\" value=\"https:\/\/audiocertified.ca\/fr\/wp-admin\/\" \/>\n\t\t\t<\/p><\/form>\n\t\t\t<\/div>\n\n\t\t\t\n\t\t<\/div>\n\n\t\t<div class=\"ult-form__footer\">\n\n\t\t\t\n\t\t\t<div class=\"ult-form-footer__forgot-password\">\n\t\t\t\t<a id=\"ult-form-footer-forgot-password\" href=\"https:\/\/audiocertified.ca\/home\/?action=lostpassword\">\n\t\t\t\t\tMot de passe oubli\u00e9\u00a0?\t\t\t\t<\/a>\n\t\t\t<\/div>\n\n\t\t\t\n\t\t\t\t\n\t\t\t\t<div class=\"ult-form-footer__signup\">\n\t\t\t\t\t<a href=\"https:\/\/audiocertified.ca\/shop\/\">Inscription<\/a>\n\t\t\t\t<\/div>\n\n\t\t\t\t\n\t\t\t\n\t\t<\/div>\n\n\t\t\n\t<\/div>\n\n<\/div>\n\n<script type='text\/javascript'>\n\tjQuery(document).ready(function () {\n\t\tjQuery('#ult-login-email').attr('required', 'required')\n\t\tjQuery('#ult-login-password').attr('required', 'required')\n\t})\n<\/script>\n\n\t<\/section>\n<\/div>\n\t\t\t\t\t\t<\/div>\n\t\t\t\t<\/div>\n\t\t\t\t<div class=\"elementor-element elementor-element-3387bd7 elementor-widget elementor-widget-text-editor\" data-id=\"3387bd7\" data-element_type=\"widget\" data-e-type=\"widget\" data-widget_type=\"text-editor.default\">\n\t\t\t\t<div class=\"elementor-widget-container\">\n\t\t\t\t\t\t\t\t\t<p><span style=\"color: #ffffff;\">Pour plus d&#8217;informations ou pour vous inscrire, suivez ce lien vers le site web de <span style=\"text-decoration: underline;\"><a style=\"color: #ffffff;\" href=\"https:\/\/radioconnects.ca\/audio-certification\/\" target=\"_blank\" rel=\"noopener\">site web de Radio Connects<\/a><\/span>.<\/span><\/p>\n\t\t\t\t\t\t\t\t<\/div>\n\t\t\t\t<\/div>\n\t\t\t\t\t<\/div>\n\t\t<\/div>\n\t\t\t\t\t<\/div>\n\t\t<\/section>\n\t\t\t\t<div class=\"elementor-element elementor-element-230d9fa elementor-widget elementor-widget-spacer\" data-id=\"230d9fa\" data-element_type=\"widget\" data-e-type=\"widget\" data-widget_type=\"spacer.default\">\n\t\t\t\t<div class=\"elementor-widget-container\">\n\t\t\t\t\t\t\t<div class=\"elementor-spacer\">\n\t\t\t<div class=\"elementor-spacer-inner\"><\/div>\n\t\t<\/div>\n\t\t\t\t\t\t<\/div>\n\t\t\t\t<\/div>\n\t\t\t\t\t<\/div>\n\t\t<\/div>\n\t\t\t\t\t<\/div>\n\t\t<\/section>\n\t\t\t\t<\/div>\n\t\t","protected":false},"excerpt":{"rendered":"<p>La formation Certification audio offre aux professionnels de la publicit\u00e9, quel que soit leur niveau, les connaissances approfondies et la perspective n\u00e9cessaire afin de naviguer dans un univers audio canadien en constante expansion. https:\/\/vimeo.com\/1069234100 Ce cours interactif et autoguid\u00e9, compos\u00e9 de six modules, est con\u00e7u pour les professionnels de la publicit\u00e9 et fournit les principes [&hellip;]<\/p>\n","protected":false},"author":2,"featured_media":0,"parent":0,"menu_order":0,"comment_status":"closed","ping_status":"closed","template":"","meta":{"site-sidebar-layout":"no-sidebar","site-content-layout":"plain-container","ast-site-content-layout":"default","site-content-style":"default","site-sidebar-style":"default","ast-global-header-display":"","ast-banner-title-visibility":"","ast-main-header-display":"","ast-hfb-above-header-display":"","ast-hfb-below-header-display":"","ast-hfb-mobile-header-display":"","site-post-title":"disabled","ast-breadcrumbs-content":"","ast-featured-img":"disabled","footer-sml-layout":"","ast-disable-related-posts":"","theme-transparent-header-meta":"default","adv-header-id-meta":"","stick-header-meta":"","header-above-stick-meta":"","header-main-stick-meta":"","header-below-stick-meta":"","astra-migrate-meta-layouts":"default","ast-page-background-enabled":"default","ast-page-background-meta":{"desktop":{"background-color":"var(--ast-global-color-4)","background-image":"","background-repeat":"repeat","background-position":"center center","background-size":"auto","background-attachment":"scroll","background-type":"","background-media":"","overlay-type":"","overlay-color":"","overlay-opacity":"","overlay-gradient":""},"tablet":{"background-color":"","background-image":"","background-repeat":"repeat","background-position":"center center","background-size":"auto","background-attachment":"scroll","background-type":"","background-media":"","overlay-type":"","overlay-color":"","overlay-opacity":"","overlay-gradient":""},"mobile":{"background-color":"","background-image":"","background-repeat":"repeat","background-position":"center center","background-size":"auto","background-attachment":"scroll","background-type":"","background-media":"","overlay-type":"","overlay-color":"","overlay-opacity":"","overlay-gradient":""}},"ast-content-background-meta":{"desktop":{"background-color":"var(--ast-global-color-5)","background-image":"","background-repeat":"repeat","background-position":"center center","background-size":"auto","background-attachment":"scroll","background-type":"","background-media":"","overlay-type":"","overlay-color":"","overlay-opacity":"","overlay-gradient":""},"tablet":{"background-color":"var(--ast-global-color-5)","background-image":"","background-repeat":"repeat","background-position":"center center","background-size":"auto","background-attachment":"scroll","background-type":"","background-media":"","overlay-type":"","overlay-color":"","overlay-opacity":"","overlay-gradient":""},"mobile":{"background-color":"var(--ast-global-color-5)","background-image":"","background-repeat":"repeat","background-position":"center center","background-size":"auto","background-attachment":"scroll","background-type":"","background-media":"","overlay-type":"","overlay-color":"","overlay-opacity":"","overlay-gradient":""}},"footnotes":""},"class_list":["post-43513","page","type-page","status-publish","hentry"],"_links":{"self":[{"href":"https:\/\/audiocertified.ca\/fr\/wp-json\/wp\/v2\/pages\/43513","targetHints":{"allow":["GET"]}}],"collection":[{"href":"https:\/\/audiocertified.ca\/fr\/wp-json\/wp\/v2\/pages"}],"about":[{"href":"https:\/\/audiocertified.ca\/fr\/wp-json\/wp\/v2\/types\/page"}],"author":[{"embeddable":true,"href":"https:\/\/audiocertified.ca\/fr\/wp-json\/wp\/v2\/users\/2"}],"replies":[{"embeddable":true,"href":"https:\/\/audiocertified.ca\/fr\/wp-json\/wp\/v2\/comments?post=43513"}],"version-history":[{"count":23,"href":"https:\/\/audiocertified.ca\/fr\/wp-json\/wp\/v2\/pages\/43513\/revisions"}],"predecessor-version":[{"id":46367,"href":"https:\/\/audiocertified.ca\/fr\/wp-json\/wp\/v2\/pages\/43513\/revisions\/46367"}],"wp:attachment":[{"href":"https:\/\/audiocertified.ca\/fr\/wp-json\/wp\/v2\/media?parent=43513"}],"curies":[{"name":"wp","href":"https:\/\/api.w.org\/{rel}","templated":true}]}}